{"id":12,"date":"2017-11-28T19:24:04","date_gmt":"2017-11-28T19:24:04","guid":{"rendered":"http:\/\/www.kiikoistenloytoelainpalvelu.fi\/?page_id=12"},"modified":"2025-12-02T16:30:07","modified_gmt":"2025-12-02T16:30:07","slug":"kotia-etsivat-elaimet","status":"publish","type":"page","link":"http:\/\/www.kiikoistenloytoelainpalvelu.fi\/?page_id=12","title":{"rendered":"Kotia etsiv\u00e4t el\u00e4imet"},"content":{"rendered":"<p><strong>HUOM! LUETHAN ENNEN YHTEYDENOTTOA LUOVUTUSEHDOT <\/strong><a target=\"_blank\" rel=\"noopener\" href=\"http:\/\/www.kiikoistenloytoelainpalvelu.fi\/?page_id=17\"><strong>T\u00c4\u00c4LT\u00c4<\/strong><\/a><strong> , KIITOS \ud83e\udd70<\/strong><\/p>\n<p><strong>Kiikoisten l\u00f6yt\u00f6el\u00e4inpalvelu on rekister\u00f6itynyt el\u00e4intenpitopaikkarekisteriin asiakastunnuksella 22391878<\/strong><\/p>\n<p>Tarkemmat tiedot kodinetsij\u00f6ist\u00e4 l\u00f6yd\u00e4t Facebooksivultamme<\/p>\n<p>&#8212;&#8212;&#8212;&#8212;&#8212;&#8212;&#8212;&#8212;&#8212;&#8212;&#8212;&#8212;&#8212;&#8212;&#8212;&#8212;&#8211;<\/p>\n<p><a href=\"https:\/\/www.facebook.com\/100064838224872\/posts\/pfbid0RUeDFCkDsxc8LKu3RKcTdw9WdiMMZ2Pr4Ef3r6nueN7RwfEtVPiFkvRcN65U5hg3l\/\">2.12.2025 Vanilja ja Pipari tytt\u00f6pennut<\/a><\/p>\n<p><a href=\"https:\/\/www.facebook.com\/100064838224872\/posts\/pfbid02okbbnmzzu9Qb6TBMrnM56YWKaE6oHGK7Wg4NoAai3RbhueqH8TGFqPDQksMh9KA8l\/\">2.12.2025 MAX, 10 v pitk\u00e4karvainen kollikissa. Luovutusmaksu 350 e<\/a><\/p>\n<p><a href=\"https:\/\/www.facebook.com\/100064838224872\/posts\/pfbid07qr2tuYorrQkeiriQXX5zn5gkFTL8P4iBogqGof3Fbi8sZVYrYqbQ4bdeZ56rruQl\/\">15.9.2025 Bambu, persialaistyyppinen kollikissa<\/a> \ud83d\udc9e<strong>VARATTU<\/strong>\ud83d\udc9e<\/p>\n<p><a href=\"https:\/\/www.facebook.com\/100064838224872\/posts\/pfbid0jeLh8cnDzKQR6FVmjJGwqMq1aGZEbMffNv2ZLWyFno9f8Tfzgho6JEmgq42uiyual\/\">29.7.25 Pennut Kinuski, Toffee, Matti ja Tilli<\/a> \ud83d\udc9e<strong>VARATTU<\/strong>\ud83d\udc9e<\/p>\n<p><a href=\"https:\/\/www.facebook.com\/100064838224872\/posts\/pfbid034sWwQrWsRJzyXCpYDfubJhsTWZBS4oXgKQcEbN9Cdff7G9DSQpErJRGa7GsmfPdnl\/\"><strong>17.3.25 Manu kollikissa 6 v<\/strong><\/a><strong> \ud83d\udc9evarattu\ud83d\udc9e<\/strong><\/p>\n<p><a href=\"https:\/\/www.facebook.com\/100064838224872\/posts\/pfbid0Jeif9f71w6xBQdiJCF2sLZbKdHyQc5H3G76FcKs8upJC1AVuBaA5qANptmGewi6Nl\/\"><strong>17.3.25 Pampula naaraskissa, luovutusmaksu 450 e<\/strong><\/a><strong> \ud83d\udc9evarattu\ud83d\udc9e<\/strong><\/p>\n<p><strong>6.3.25 <\/strong><a href=\"https:\/\/www.facebook.com\/100064838224872\/posts\/pfbid02D9P6GYQSCA2D2DJJ6pqtmBBn1DXfix1WLyPWuQjgxerya2Yoqow6vLxaD4QyLgbkl\/\"><strong>Helmi harmaaraidallinen naaraskissa 5.5 v<\/strong><\/a><strong> \ud83d\udc9e VARATTU \ud83d\udc9e<\/strong><\/p>\n<p><strong>6.3.25 <\/strong><a href=\"https:\/\/www.facebook.com\/100064838224872\/posts\/pfbid0GLbuYFhGJRzSFgWScyq8B2FyFtMEYM47LEK9gJ2NWjDwgeYTTP4x8dLE62txu4gQl\/\"><strong>P\u00f6ll\u00f6 ja Laivuri n. 6 kk kollipojat<\/strong><\/a><strong> \ud83d\udc9e VARATTU \ud83d\udc9e<\/strong><\/p>\n<p><strong>3.3.25 <\/strong><strong><a href=\"https:\/\/www.facebook.com\/100064838224872\/posts\/pfbid0Ged58vsBKgJen6rjggmTw8FXDgqCchJLYaQw4Vacur2AD6cHinAipUKFVULwsDbfl\/\">Sisu n. 6 v valkoharmaa kollikissa<\/a><\/strong><strong> \ud83d\udc9e KATSOJA SOVITTU \ud83d\udc9e<\/strong><\/p>\n<p><strong>7.2.25 <\/strong><a href=\"https:\/\/www.facebook.com\/100064838224872\/posts\/pfbid0EjRyn9Wz1y5b3eia4nVffaBNXnrm93Z26DRN1G2qrBzx64YLfsVRscQt1YUFxixul\/\"><strong>ROY, uroskoira. Lue kuvaus linkin kautta.<\/strong><\/a><strong> \ud83d\udc9e VARATTU \ud83d\udc9e<\/strong><\/p>\n<p><strong>18.11 <\/strong><a href=\"https:\/\/www.facebook.com\/100064838224872\/posts\/pfbid02r26HLCJSAgjz97pybcaernJUpnxUetZKHiM8wVH1do3gupeUss1F7S2C6UanhLNYl\/\"><strong>Lauha, 3-5 v naaraskissa<\/strong><\/a><strong> \ud83d\udc9e VARATTU \ud83d\udc9e<\/strong><\/p>\n<p><strong>8.11.24 <\/strong><a href=\"https:\/\/www.facebook.com\/100064838224872\/posts\/pfbid02eNjKyc4jNnHKQb5Lcb11JtiURnoiJgw34YaP8f7NeWtxbnSr1ARoY5p3wVUeWCzWl\/\"><strong>Miuku, 1 v naaraskissa<\/strong><\/a><strong> \ud83d\udc9e VARATTU \ud83d\udc9e<\/strong><\/p>\n<p><strong>7.11.2024 <\/strong><a href=\"https:\/\/www.facebook.com\/100064838224872\/posts\/pfbid034Ja9DsbbFu1ow8VhrL9JELUm11i1sCxRZbhNU3HHp1eHeYCVcJ8TbvTvqrEzYYP9l\/\"><strong>Manteli, Kaneli, Neilikka ja Pepper<\/strong><\/a><strong> \ud83d\udc9e VARATTU \ud83d\udc9e<\/strong><\/p>\n<p><strong>25.10.24 <\/strong><a href=\"https:\/\/www.facebook.com\/100064838224872\/posts\/pfbid02EKzwUdYxNon5xHoc6unJQiEMD4JD8pTKNXXRb4HuZ6taabdKb2CcHbqakpXFkq5Kl\/\"><strong>Aurora n. 3.5 kk *Kiikoinen*<\/strong><\/a><strong> \ud83d\udc9e VARATTU <\/strong><\/p>\n<p><strong>14.10.24 <\/strong><a href=\"https:\/\/www.facebook.com\/100064838224872\/posts\/pfbid02ycJDy6aDxyqdSiw1jeUvvpDLLXd1fAkRDCXCaTtVCJUZH55JsSPCfhEaAnjB7XWdl\/\"><strong>Herra Kettunen * Kiikoinen*<\/strong><\/a><strong> VARATTU \ud83d\udc9e<\/strong><\/p>\n<p><strong>13.10.2024 <\/strong><a href=\"https:\/\/www.facebook.com\/100064838224872\/posts\/pfbid02UZd4pk2pw9gQPE5n9LzTQzBxM3DAgPEqZT8DY2XRcAjLtGwCRbuYfzcJbXEjE1Bfl\/\"><strong>Lady naaraskissa n. 6-7 v *H\u00e4ij\u00e4\u00e4*<\/strong><\/a><strong> VARATTU \ud83d\udc9e<\/strong><\/p>\n","protected":false},"excerpt":{"rendered":"<p>HUOM! LUETHAN ENNEN YHTEYDENOTTOA LUOVUTUSEHDOT T\u00c4\u00c4LT\u00c4 , KIITOS \ud83e\udd70 Kiikoisten l\u00f6yt\u00f6el\u00e4inpalvelu on rekister\u00f6itynyt el\u00e4intenpitopaikkarekisteriin asiakastunnuksella 22391878 Tarkemmat tiedot kodinetsij\u00f6ist\u00e4 l\u00f6yd\u00e4t Facebooksivultamme &#8212;&#8212;&#8212;&#8212;&#8212;&#8212;&#8212;&#8212;&#8212;&#8212;&#8212;&#8212;&#8212;&#8212;&#8212;&#8212;&#8211; 2.12.2025 Vanilja ja Pipari tytt\u00f6pennut 2.12.2025 MAX, 10 v pitk\u00e4karvainen kollikissa. Luovutusmaksu 350 e 15.9.2025 Bambu, persialaistyyppinen kollikissa \ud83d\udc9eVARATTU\ud83d\udc9e 29.7.25 Pennut Kinuski, Toffee, Matti ja Tilli \ud83d\udc9eVARATTU\ud83d\udc9e 17.3.25 Manu kollikissa 6 v \ud83d\udc9evarattu\ud83d\udc9e &hellip; <a href=\"http:\/\/www.kiikoistenloytoelainpalvelu.fi\/?page_id=12\" class=\"more-link\">Jatka lukemista<span class=\"screen-reader-text\"> &#8221;Kotia etsiv\u00e4t el\u00e4imet&#8221;<\/span><\/a><\/p>\n","protected":false},"author":1,"featured_media":0,"parent":0,"menu_order":0,"comment_status":"closed","ping_status":"closed","template":"","meta":{"footnotes":""},"aioseo_notices":[],"jetpack_sharing_enabled":true,"_links":{"self":[{"href":"http:\/\/www.kiikoistenloytoelainpalvelu.fi\/index.php?rest_route=\/wp\/v2\/pages\/12"}],"collection":[{"href":"http:\/\/www.kiikoistenloytoelainpalvelu.fi\/index.php?rest_route=\/wp\/v2\/pages"}],"about":[{"href":"http:\/\/www.kiikoistenloytoelainpalvelu.fi\/index.php?rest_route=\/wp\/v2\/types\/page"}],"author":[{"embeddable":true,"href":"http:\/\/www.kiikoistenloytoelainpalvelu.fi\/index.php?rest_route=\/wp\/v2\/users\/1"}],"replies":[{"embeddable":true,"href":"http:\/\/www.kiikoistenloytoelainpalvelu.fi\/index.php?rest_route=%2Fwp%2Fv2%2Fcomments&post=12"}],"version-history":[{"count":68,"href":"http:\/\/www.kiikoistenloytoelainpalvelu.fi\/index.php?rest_route=\/wp\/v2\/pages\/12\/revisions"}],"predecessor-version":[{"id":730,"href":"http:\/\/www.kiikoistenloytoelainpalvelu.fi\/index.php?rest_route=\/wp\/v2\/pages\/12\/revisions\/730"}],"wp:attachment":[{"href":"http:\/\/www.kiikoistenloytoelainpalvelu.fi\/index.php?rest_route=%2Fwp%2Fv2%2Fmedia&parent=12"}],"curies":[{"name":"wp","href":"https:\/\/api.w.org\/{rel}","templated":true}]}}