{"id":19,"date":"2017-11-28T19:24:04","date_gmt":"2017-11-28T19:24:04","guid":{"rendered":"http:\/\/www.kiikoistenloytoelainpalvelu.fi\/?page_id=19"},"modified":"2024-10-02T17:36:54","modified_gmt":"2024-10-02T17:36:54","slug":"kannatustuotekauppa","status":"publish","type":"page","link":"http:\/\/www.kiikoistenloytoelainpalvelu.fi\/?page_id=19","title":{"rendered":"Kannatustuotekauppa"},"content":{"rendered":"<p>Kannatustuotekauppa py\u00f6rii s\u00e4\u00e4nn\u00f6llisen ep\u00e4s\u00e4\u00e4nn\u00f6llisesti :). Kannatustuotekauppa toimii Sumup-alustalla ja tuotteet voi maksaa kortilla. Tuotemyynnin avulla saamme ker\u00e4tty\u00e4 varoja muiden kuin l\u00f6yt\u00f6el\u00e4inten hoitoon sek\u00e4 toteutamme erilaisia kampanjoita v\u00e4h\u00e4varaisten lemmikinomistajien hyv\u00e4ksi. Hinnat sis\u00e4lt\u00e4v\u00e4t aina 25,5 % arvonlis\u00e4veron, postikulut lis\u00e4t\u00e4\u00e4n tarvittaessa.Linkki kauppaan <a href=\"https:\/\/kiikoisten-loeytoeelaeinpalvelu.sumupstore.com\/tuotteet\" target=\"_blank\" rel=\"noopener\">t\u00e4ss\u00e4<\/a><img decoding=\"async\" class=\"size-full\" src=\"https:\/\/www.kiikoistenloytoelainpalvelu.fi\/wp-content\/uploads\/2020\/01\/20200116_095227.jpg\" data-wpid=\"22\" \/><\/p>\n","protected":false},"excerpt":{"rendered":"<p>Kannatustuotekauppa py\u00f6rii s\u00e4\u00e4nn\u00f6llisen ep\u00e4s\u00e4\u00e4nn\u00f6llisesti :). Kannatustuotekauppa toimii Sumup-alustalla ja tuotteet voi maksaa kortilla. Tuotemyynnin avulla saamme ker\u00e4tty\u00e4 varoja muiden kuin l\u00f6yt\u00f6el\u00e4inten hoitoon sek\u00e4 toteutamme erilaisia kampanjoita v\u00e4h\u00e4varaisten lemmikinomistajien hyv\u00e4ksi. Hinnat sis\u00e4lt\u00e4v\u00e4t aina 25,5 % arvonlis\u00e4veron, postikulut lis\u00e4t\u00e4\u00e4n tarvittaessa.Linkki kauppaan t\u00e4ss\u00e4<\/p>\n","protected":false},"author":1,"featured_media":0,"parent":0,"menu_order":0,"comment_status":"closed","ping_status":"closed","template":"","meta":{"footnotes":""},"aioseo_notices":[],"jetpack_sharing_enabled":true,"_links":{"self":[{"href":"http:\/\/www.kiikoistenloytoelainpalvelu.fi\/index.php?rest_route=\/wp\/v2\/pages\/19"}],"collection":[{"href":"http:\/\/www.kiikoistenloytoelainpalvelu.fi\/index.php?rest_route=\/wp\/v2\/pages"}],"about":[{"href":"http:\/\/www.kiikoistenloytoelainpalvelu.fi\/index.php?rest_route=\/wp\/v2\/types\/page"}],"author":[{"embeddable":true,"href":"http:\/\/www.kiikoistenloytoelainpalvelu.fi\/index.php?rest_route=\/wp\/v2\/users\/1"}],"replies":[{"embeddable":true,"href":"http:\/\/www.kiikoistenloytoelainpalvelu.fi\/index.php?rest_route=%2Fwp%2Fv2%2Fcomments&post=19"}],"version-history":[{"count":6,"href":"http:\/\/www.kiikoistenloytoelainpalvelu.fi\/index.php?rest_route=\/wp\/v2\/pages\/19\/revisions"}],"predecessor-version":[{"id":621,"href":"http:\/\/www.kiikoistenloytoelainpalvelu.fi\/index.php?rest_route=\/wp\/v2\/pages\/19\/revisions\/621"}],"wp:attachment":[{"href":"http:\/\/www.kiikoistenloytoelainpalvelu.fi\/index.php?rest_route=%2Fwp%2Fv2%2Fmedia&parent=19"}],"curies":[{"name":"wp","href":"https:\/\/api.w.org\/{rel}","templated":true}]}}