{"id":18,"date":"2017-11-28T19:24:04","date_gmt":"2017-11-28T19:24:04","guid":{"rendered":"http:\/\/www.kiikoistenloytoelainpalvelu.fi\/?page_id=18"},"modified":"2024-11-12T04:23:29","modified_gmt":"2024-11-12T04:23:29","slug":"yhteistyotahot","status":"publish","type":"page","link":"https:\/\/www.kiikoistenloytoelainpalvelu.fi\/?page_id=18","title":{"rendered":"Yhteisty\u00f6tahot"},"content":{"rendered":"<p>Teen yhteisty\u00f6t\u00e4 eri el\u00e4insuojeluyhdistysten kanssa. Alla listattuna ne, joille meilt\u00e4 p\u00e4\u00e4s\u00e4\u00e4nt\u00f6isesti l\u00e4htee kissat tai muut el\u00e4imet, joita en itse sijoita koteihin.<\/p>\n<p><a href=\"https:\/\/kesyry.fi\/\">www.kesyry.fi<\/a><\/p>\n<p><a href=\"http:\/\/www.rekkurescue.com\">http:\/\/www.rekkurescue.com<\/a><\/p>\n<p><a href=\"http:\/\/www.pesu.org\/\">http:\/\/www.pesu.org\/<\/a><\/p>\n<p><a href=\"http:\/\/www.kissojensuojelu.fi\/\">http:\/\/www.kissojensuojelu.fi\/<\/a><\/p>\n<p><a href=\"http:\/\/www.kissojenkatastrofiyhdistys.net\/\">http:\/\/www.kissojenkatastrofiyhdistys.net\/<\/a><\/p>\n<p><a href=\"http:\/\/www.maukula.fi\">http:\/\/www.maukula.fi<\/a><\/p>\n<p><a href=\"http:\/\/www.phesy.info\">http:\/\/www.phesy.info<\/a><\/p>\n<p><a href=\"http:\/\/www.kissakotikattila.fi\">http:\/\/www.kissakotikattila.fi<\/a><\/p>\n<p><a href=\"https:\/\/www.onnentassu.fi\/\">https:\/\/www.onnentassu.fi\/<\/a><\/p>\n<p><a href=\"https:\/\/www.suojakotitoivo.fi\/\">https:\/\/www.suojakotitoivo.fi\/<\/a><\/p>\n<p><a href=\"https:\/\/m.facebook.com\/hatakissala\/\">https:\/\/m.facebook.com\/hatakissala\/<\/a><\/p>\n","protected":false},"excerpt":{"rendered":"<p>Teen yhteisty\u00f6t\u00e4 eri el\u00e4insuojeluyhdistysten kanssa. Alla listattuna ne, joille meilt\u00e4 p\u00e4\u00e4s\u00e4\u00e4nt\u00f6isesti l\u00e4htee kissat tai muut el\u00e4imet, joita en itse sijoita koteihin. www.kesyry.fi http:\/\/www.rekkurescue.com http:\/\/www.pesu.org\/ http:\/\/www.kissojensuojelu.fi\/ http:\/\/www.kissojenkatastrofiyhdistys.net\/ http:\/\/www.maukula.fi http:\/\/www.phesy.info http:\/\/www.kissakotikattila.fi https:\/\/www.onnentassu.fi\/ https:\/\/www.suojakotitoivo.fi\/ https:\/\/m.facebook.com\/hatakissala\/<\/p>\n","protected":false},"author":1,"featured_media":0,"parent":0,"menu_order":0,"comment_status":"closed","ping_status":"closed","template":"","meta":{"footnotes":""},"aioseo_notices":[],"jetpack_sharing_enabled":true,"_links":{"self":[{"href":"https:\/\/www.kiikoistenloytoelainpalvelu.fi\/index.php?rest_route=\/wp\/v2\/pages\/18"}],"collection":[{"href":"https:\/\/www.kiikoistenloytoelainpalvelu.fi\/index.php?rest_route=\/wp\/v2\/pages"}],"about":[{"href":"https:\/\/www.kiikoistenloytoelainpalvelu.fi\/index.php?rest_route=\/wp\/v2\/types\/page"}],"author":[{"embeddable":true,"href":"https:\/\/www.kiikoistenloytoelainpalvelu.fi\/index.php?rest_route=\/wp\/v2\/users\/1"}],"replies":[{"embeddable":true,"href":"https:\/\/www.kiikoistenloytoelainpalvelu.fi\/index.php?rest_route=%2Fwp%2Fv2%2Fcomments&post=18"}],"version-history":[{"count":6,"href":"https:\/\/www.kiikoistenloytoelainpalvelu.fi\/index.php?rest_route=\/wp\/v2\/pages\/18\/revisions"}],"predecessor-version":[{"id":664,"href":"https:\/\/www.kiikoistenloytoelainpalvelu.fi\/index.php?rest_route=\/wp\/v2\/pages\/18\/revisions\/664"}],"wp:attachment":[{"href":"https:\/\/www.kiikoistenloytoelainpalvelu.fi\/index.php?rest_route=%2Fwp%2Fv2%2Fmedia&parent=18"}],"curies":[{"name":"wp","href":"https:\/\/api.w.org\/{rel}","templated":true}]}}